{"id":981,"date":"2023-08-08T18:28:02","date_gmt":"2023-08-08T18:28:02","guid":{"rendered":"http:\/\/www.realityhrdovi.cz\/?page_id=981"},"modified":"2023-08-08T18:28:55","modified_gmt":"2023-08-08T18:28:55","slug":"gdpr","status":"publish","type":"page","link":"http:\/\/www.realityhrdovi.cz\/?page_id=981","title":{"rendered":"GDPR"},"content":{"rendered":"\n<p><strong><u>OCHRANA OSOBN\u00cdCH \u00daDAJ\u016e<\/u><\/strong><\/p>\n\n\n\n<p><strong>(d\u00e1le jen p\u0159\u00edpadn\u011b GDPR)<\/strong><\/p>\n\n\n\n<p><br><strong>I. Obsah a \u00fa\u010del dokumentu<\/strong><\/p>\n\n\n\n<p><strong>1.<\/strong> V tomto dokumentu jsou obsa\u017eeny informace t\u00fdkaj\u00edc\u00ed se ochrany osobn\u00edch \u00fadaj\u016f poskytnut\u00fdch n\u00e1v\u0161t\u011bvn\u00edky webov\u00e9 str\u00e1nky www.realityhrdovi.cz, na\u0161imi klienty a z\u00e1jemci o na\u0161e slu\u017eby a produkty.<\/p>\n\n\n\n<p><strong>2.<\/strong> \u00da\u010delem tohoto dokumentu je sezn\u00e1mit v\u00e1s (subjekty \u00fadaj\u016f) s va\u0161imi pr\u00e1vy a poskytnout srozumiteln\u00e9 informace o tom, jak bude s osobn\u00edmi \u00fadaji nakl\u00e1d\u00e1no.<\/p>\n\n\n\n<p><strong>3.<\/strong> P\u0159i zpracov\u00e1n\u00ed osobn\u00edch \u00fadaj\u016f postupujeme nejen podle z\u00e1kona \u010d. 101\/2000 Sb., o ochran\u011b osobn\u00edch \u00fadaj\u016f, ale nakl\u00e1d\u00e1n\u00ed s osobn\u00edmi \u00fadaji p\u0159izp\u016fsobujeme i Na\u0159\u00edzen\u00ed (EU) 2016\/679, tj. obecn\u00e9mu na\u0159\u00edzen\u00ed o ochran\u011b osobn\u00edch \u00fadaj\u016f, kter\u00e9 vstoup\u00ed v \u00fa\u010dinnost 25.5.2018 a<br>je v\u0161eobecn\u011b zn\u00e1m\u00e9 pod zkratkou GDPR.<\/p>\n\n\n\n<p><strong>4.<\/strong> P\u0159edpokl\u00e1d\u00e1me, \u017ee ve\u0161ker\u00e9 \u00fadaje, kter\u00e9 n\u00e1m sami poskytnete, jsou \u00fadaji pravdiv\u00fdmi a aktu\u00e1ln\u00edmi a \u017ee v p\u0159\u00edpad\u011b, kdy dojde v tomto sm\u011bru ke zm\u011bn\u011b, budete n\u00e1s o n\u00ed bez zbyte\u010dn\u00e9ho prodlen\u00ed informovat, abychom i my mohli zjednat n\u00e1pravu.<\/p>\n\n\n\n<p><strong>II. Spr\u00e1vci osobn\u00edch \u00fadaj\u016f<\/strong><\/p>\n\n\n\n<p><strong>1.<\/strong> <strong>Ing. Jan Hrda<\/strong>, I\u010c: 72336811, se s\u00eddlem Lhota 4, 682 01 Vy\u0161kov (d\u00e1le jen \u201eSpr\u00e1vce\u201c)<\/p>\n\n\n\n<p>veden u M\u011bstsk\u00e9ho \u017eivnostensk\u00e9ho \u00fa\u0159adu Vy\u0161kov pod ev. \u010d. 72336811<\/p>\n\n\n\n<p>tel.: 604&nbsp;983 906, e-mail: email@realityhrdovi.cz, <a href=\"http:\/\/www.realityhrdovi.cz\">www.realityhrdovi.cz<\/a><\/p>\n\n\n\n<p><strong>2.<\/strong> <strong>Vladim\u00edra Hrdov\u00e1<\/strong>, I\u010c: 6796156, se s\u00eddlem Lhota 4, 682 01 Vy\u0161kov (d\u00e1le jen \u201eSpr\u00e1vce\u201c)<\/p>\n\n\n\n<p>vedena u M\u011bstsk\u00e9ho \u017eivnostensk\u00e9ho \u00fa\u0159adu Vy\u0161kov pod ev. \u010d. 67496156<\/p>\n\n\n\n<p>tel.: 737&nbsp;838 134, e-mail: reality.hrdova@tiscali.cz, www.realityhrdovi.cz<\/p>\n\n\n\n<p><strong>III. Jak\u00e9 osobn\u00ed \u00fadaje zpracov\u00e1v\u00e1me a jak je z\u00edsk\u00e1v\u00e1me?<\/strong><\/p>\n\n\n\n<p>Zpracov\u00e1v\u00e1me \u00fadaje, kter\u00e9 n\u00e1m sami poskytnete. V konkr\u00e9tn\u00edch p\u0159\u00edpadech m\u016f\u017ee j\u00edt zejm\u00e9na o poskytnut\u00ed \u00fadaj\u016f vypln\u011bn\u00edm n\u011bkter\u00e9ho z formul\u00e1\u0159\u016f na webov\u00fdch str\u00e1nk\u00e1ch, uveden\u00edm \u00fadaj\u016f do z\u0159\u00edzen\u00e9ho u\u017eivatelsk\u00e9ho \u00fa\u010dtu na na\u0161em webu, poskytnut\u00ed \u00fadaj\u016f p\u0159i p\u0159\u00edprav\u011b smluv a souvisej\u00edc\u00edch dokument\u016f a v souvislosti s realizac\u00ed smluv (tj. zejm\u00e9na v souvislosti<br>se zprost\u0159edkov\u00e1n\u00edm n\u00e1kupu nebo prodeje nebo pron\u00e1jmu \u010di podn\u00e1jmu nemovit\u00fdch v\u011bc\u00ed),<br>p\u0159i osobn\u00edm kontaktu (v\u010detn\u011b \u00fadaj\u016f p\u0159eden\u00fdch p\u0159i prohl\u00eddk\u00e1ch nemovitost\u00ed), telefonicky, p\u00edsemn\u011b, mailem nebo jin\u00fdmi komunika\u010dn\u00edmi prost\u0159edky (sms zpr\u00e1vy, zpr\u00e1vy v aplikac\u00edch typu skype, FB messenger). Zpracov\u00e1v\u00e1me i \u00fadaje, kter\u00e9 sami zve\u0159ejn\u00edte na internetu a zejm\u00e9na na soci\u00e1ln\u00edch s\u00edt\u00edch (nap\u0159. Facebook, Instagram, Whats App)<\/p>\n\n\n\n<p>Pokud pro zpracov\u00e1n\u00ed n\u011bkter\u00fdch osobn\u00edch \u00fadaj\u016f pro konkr\u00e9tn\u00ed \u00fa\u010dely zpracov\u00e1n\u00ed mus\u00edme m\u00edt v\u00e1\u0161 souhlas, pak takov\u00e9 \u00fadaje k dan\u00e9mu \u00fa\u010delu zpracov\u00e1v\u00e1me jen s va\u0161\u00edm souhlasem.<\/p>\n\n\n\n<p><strong>Osobn\u00ed \u00fadaje, kter\u00e9 zpracov\u00e1v\u00e1me:<\/strong><\/p>\n\n\n\n<p>Jm\u00e9no, p\u0159\u00edjmen\u00ed, titul, adresa, datum narozen\u00ed, v\u011bk, rodn\u00e9 \u010d\u00edslo, I\u010c, DI\u010c, telefonn\u00ed \u010d\u00edslo, e-mail, vzd\u011bl\u00e1n\u00ed, IP adresu, cookies, informace o objednan\u00fdch slu\u017eb\u00e1ch, informace o tom, jak\u00e9 slu\u017eby jsme v\u00e1m poskytli, v\u00e1\u0161 rodinn\u00fd stav, pohlav\u00ed, fotografie, na kter\u00e9 jste zobrazeni, videoz\u00e1znamy, na kter\u00fdch jste zaznamen\u00e1ni, \u00fadaje o nemovit\u00fdch v\u011bcech, jejich\u017e prodej v\u00e1m zprost\u0159edkov\u00e1v\u00e1me (ve spojen\u00ed s dal\u0161\u00edmi \u00fadaji), \u00fadaj o velikosti obce, kde \u017eijete.<\/p>\n\n\n\n<p><strong>IV. K jak\u00fdm \u00fa\u010del\u016fm osobn\u00ed \u00fadaje zpracov\u00e1v\u00e1me, po jakou dobu a co n\u00e1s k tomu oprav\u0148uje?<\/strong><\/p>\n\n\n\n<p><strong>1.<\/strong> Zpracov\u00e1n\u00ed osobn\u00edch \u00fadaj\u016f za \u00fa\u010delem uzav\u0159en\u00ed smlouvy a pln\u011bn\u00ed smluvn\u00edch povinnost\u00ed<\/p>\n\n\n\n<p>Abychom s v\u00e1mi mohli uzav\u0159\u00edt smlouvu a dodat v\u00e1m v\u00e1mi objednan\u00e9 slu\u017eby a v\u00e9st i s t\u00edm souvisej\u00edc\u00ed komunikaci s v\u00e1mi, zpracov\u00e1v\u00e1me tyto b\u011b\u017en\u00e9 osobn\u00ed \u00fadaje:<\/p>\n\n\n\n<p>Jm\u00e9no, p\u0159\u00edjmen\u00ed, titul, adresa, datum narozen\u00ed, v\u011bk, rodn\u00e9 \u010d\u00edslo, I\u010c, DI\u010c, telefonn\u00ed \u010d\u00edslo,<br>e-mail, v\u00e1\u0161 rodinn\u00fd stav, pohlav\u00ed.<\/p>\n\n\n\n<p>Pr\u00e1vn\u00edm titulem (opr\u00e1vn\u011bn\u00edm) pro zpracov\u00e1v\u00e1n\u00ed t\u011bchto \u00fadaj\u016f je p\u0159\u00edmo pln\u011bn\u00ed smluvn\u00edch povinnost\u00ed ze smlouvy uzav\u0159en\u00e9 mezi n\u00e1mi. Takovou povinnost\u00ed m\u016f\u017ee b\u00fdt nap\u0159\u00edklad p\u0159\u00edprava kupn\u00ed smlouvy na zprost\u0159edkov\u00e1vanou nemovitost. P\u0159itom nemus\u00ed j\u00edt vylo\u017een\u011b<br>o smlouvu uzav\u0159enou v klasick\u00e9 ti\u0161t\u011bn\u00e9 podob\u011b, vlastnoru\u010dn\u011b podepsan\u00e9. M\u016f\u017ee j\u00edt nap\u0159.<br>i o smlouvu uzav\u0159enou \u00fastn\u011b, po telefonu nebo vypln\u011bn\u00edm a odesl\u00e1n\u00edm objedn\u00e1vkov\u00e9ho formul\u00e1\u0159e na webov\u00fdch str\u00e1nk\u00e1ch a na\u0161\u00edm potvrzen\u00edm takov\u00e9 objedn\u00e1vky.<\/p>\n\n\n\n<p>K&nbsp;tomuto \u00fa\u010delu osobn\u00ed \u00fadaje zpracov\u00e1v\u00e1me po dobu trv\u00e1n\u00ed smluvn\u00edho vztahu mezi n\u00e1mi.<br>Po skon\u010den\u00ed smluvn\u00edho vztahu jsou pak n\u011bkter\u00e9 \u00fadaje uchov\u00e1v\u00e1ny pro \u00fa\u010dely pln\u011bn\u00ed pr\u00e1vn\u00edch povinnost\u00ed nebo pro \u00fa\u010dely opr\u00e1vn\u011bn\u00e9ho z\u00e1jmu, jak se do\u010dtete v n\u00e1sleduj\u00edc\u00edch \u010d\u00e1stech tohoto dokumentu.<\/p>\n\n\n\n<p><strong>2.<\/strong> Zpracov\u00e1n\u00ed osobn\u00edch \u00fadaj\u016f pro spln\u011bn\u00ed povinnost\u00ed z \u00fa\u010detn\u00edch, da\u0148ov\u00fdch a dal\u0161\u00edch pr\u00e1vn\u00edch p\u0159edpis\u016f<\/p>\n\n\n\n<p>Abychom dost\u00e1li povinnostem vypl\u00fdvaj\u00edc\u00edm z platn\u00fdch pr\u00e1vn\u00edch p\u0159edpis\u016f, zejm\u00e9na v oblasti<br>\u00fa\u010detnictv\u00ed a da\u0148ov\u00e9ho pr\u00e1va a povinnost\u00ed vypl\u00fdvaj\u00edc\u00edch ze z\u00e1kona \u010d. 253\/2008 Sb.,<br>o n\u011bkter\u00fdch opat\u0159en\u00edm proti legalizaci v\u00fdnos\u016f z trestn\u00e9 \u010dinnosti a financov\u00e1n\u00ed terorismu (\u201eAML z\u00e1kon\u201c), zpracov\u00e1v\u00e1me tyto \u00fadaje:<\/p>\n\n\n\n<p>Jm\u00e9no, p\u0159\u00edjmen\u00ed, titul, adresa, datum narozen\u00ed, v\u011bk, rodn\u00e9 \u010d\u00edslo, I\u010c, DI\u010c, telefonn\u00ed \u010d\u00edslo,<br>e-mail, v\u00e1\u0161 rodinn\u00fd stav, pohlav\u00ed, p\u016fvod prost\u0159edk\u016f na \u00fahradu p\u0159\u00edpadn\u00e9 kupn\u00ed ceny a rezerva\u010dn\u00ed z\u00e1lohy.<\/p>\n\n\n\n<p>Doba, po kterou jsou \u00fadaje zpracov\u00e1v\u00e1ny, je stanovena p\u0159\u00edmo p\u0159\u00edslu\u0161n\u00fdmi pr\u00e1vn\u00edmi p\u0159edpisy, kter\u00e9 n\u00e1m povinnost jejich zpracov\u00e1n\u00ed ukl\u00e1daj\u00ed.<\/p>\n\n\n\n<p><strong>3.<\/strong> Zpracov\u00e1n\u00ed osobn\u00edch \u00fadaj\u016f pro \u00fa\u010dely opr\u00e1vn\u011bn\u00fdch z\u00e1jm\u016f na\u0161ich nebo t\u0159et\u00ed osoby<\/p>\n\n\n\n<p>Opr\u00e1vn\u011bn\u00fd z\u00e1jem m\u016f\u017ee pokr\u00fdvat celou \u0159adu situac\u00ed. Proto v\u00e1s informujeme o opr\u00e1vn\u011bn\u00fdch z\u00e1jmech, pro kter\u00e9 osobn\u00ed \u00fadaje zpracov\u00e1v\u00e1me:<\/p>\n\n\n\n<p>a) Opr\u00e1vn\u011bn\u00fdm z\u00e1jmem je ochrana a prok\u00e1z\u00e1n\u00ed na\u0161ich pr\u00e1v a pr\u00e1vn\u00edch n\u00e1rok\u016f, zejm\u00e9na z&nbsp;uzav\u0159en\u00fdch smluv anebo zp\u016fsoben\u00e9 \u00fajmy. Pro tyto \u00fa\u010dely po dobu 4 let po ukon\u010den\u00ed smluvn\u00ed spolupr\u00e1ce nebo na\u0161eho posledn\u00edho kontaktu, pokud k uzav\u0159en\u00ed smlouvy nedo\u0161lo. Tato lh\u016fta je stanovena vzhledem k proml\u010dec\u00edm lh\u016ft\u00e1m n\u00e1rok\u016f se zohledn\u011bn\u00edm toho, \u017ee se o p\u0159\u00edpadn\u00e9m u soudu uplatn\u011bn\u00e9m n\u00e1roku nemus\u00edme dozv\u011bd\u011bt hned v okam\u017eiku jeho uplatn\u011bn\u00ed druhou stranou. Pro tyto \u00fa\u010dely jsou uchov\u00e1v\u00e1ny \u00fadaje ze smluv a na\u0161\u00ed vz\u00e1jemn\u00e9 komunikace.<\/p>\n\n\n\n<p>b) Opr\u00e1vn\u011bn\u00fdm z\u00e1jmem je d\u00e1le p\u0159\u00edm\u00fd marketing. Pro zas\u00edl\u00e1n\u00ed obchodn\u00edch sd\u011blen\u00ed budeme zpracov\u00e1vat tyto osobn\u00ed \u00fadaje na\u0161ich klient\u016f:<\/p>\n\n\n\n<p>jm\u00e9no, p\u0159\u00edjmen\u00ed, adresu, e-mail, telefonn\u00ed \u010d\u00edslo<\/p>\n\n\n\n<p><strong>4.<\/strong> Zpracov\u00e1n\u00ed osobn\u00edch \u00fadaj\u016f na z\u00e1klad\u011b va\u0161eho souhlasu<\/p>\n\n\n\n<p>Pokud n\u00e1m ud\u011bl\u00edte sv\u016fj souhlas, budeme zpracov\u00e1vat va\u0161e osobn\u00ed \u00fadaje k zas\u00edl\u00e1n\u00ed nab\u00eddky na\u0161ich realitn\u00edch slu\u017eeb. V\u00e1\u0161 souhlas budeme k tomuto zpracov\u00e1n\u00ed pot\u0159ebovat v p\u0159\u00edpad\u011b,<br>\u017ee nejste na\u0161im klientem. P\u0159ed t\u00edm, ne\u017e n\u00e1m v\u00e1\u0161 souhlas ud\u011bl\u00edte, budeme v\u00e1s informovat<br>o tom, jak\u00fdch \u00fadaj\u016f a k jak\u00e9mu konkr\u00e9tn\u00edmu \u00fa\u010delu zpracov\u00e1n\u00ed se bude souhlas vztahovat. Sv\u016fj souhlas m\u016f\u017eete kdykoli odvolat. Pokud ov\u0161em n\u011bkter\u00e9 va\u0161e osobn\u00ed \u00fadaje zpracov\u00e1v\u00e1me i na z\u00e1klad\u011b jin\u00e9ho pr\u00e1vn\u00edho titulu (viz pod \u010d\u00edsly 1 a\u017e 3 v\u00fd\u0161e), budeme pro tyto \u00fa\u010dely osobn\u00ed \u00fadaje zpracov\u00e1vat i po odvol\u00e1n\u00ed va\u0161eho souhlasu, proto\u017ee k takov\u00fdm konkr\u00e9tn\u00edm \u00fa\u010del\u016fm souhlas nutn\u00fd nen\u00ed.<\/p>\n\n\n\n<p><strong>V. Zp\u0159\u00edstupn\u011bn\u00ed osobn\u00edch \u00fadaj\u016f jin\u00fdm osob\u00e1m<\/strong><\/p>\n\n\n\n<p>Se zaji\u0161t\u011bn\u00edm n\u011bkter\u00fdch na\u0161ich smluvn\u00edch nebo z\u00e1konn\u00fdch povinnost\u00ed n\u00e1m pom\u00e1haj\u00ed dal\u0161\u00ed osoby, kter\u00e9 jsou v pozici zpracovatel\u016f. Zejm\u00e9na se jedn\u00e1 o spolupracuj\u00edc\u00ed realitn\u00ed poradce, finan\u010dn\u00ed poradce, advok\u00e1tn\u00ed kancel\u00e1\u0159-e, spolupracuj\u00edc\u00ed \u00fa\u010detn\u00ed, poskytovatele datov\u00fdch \u00falo\u017ei\u0161\u0165 a softwarov\u00fdch aplikac\u00ed.<\/p>\n\n\n\n<p>Osobn\u00ed \u00fadaje budou zp\u0159\u00edstupn\u011bny i p\u0159\u00edslu\u0161n\u00fdm spr\u00e1vn\u00edm org\u00e1n\u016fm, pokud n\u00e1m takovou povinnost ukl\u00e1d\u00e1 z\u00e1kon (tj. zejm\u00e9na v p\u0159\u00edpad\u011b prov\u00e1d\u011bn\u00ed kontroly, p\u0159i kter\u00e9 je dan\u00fd org\u00e1n opr\u00e1vn\u011bn p\u0159edlo\u017een\u00ed osobn\u00edch \u00fadaj\u016f vy\u017eadovat).<\/p>\n\n\n\n<p><strong>VI. Informace o dal\u0161\u00edch va\u0161ich pr\u00e1vech v oblasti ochrany osobn\u00edch \u00fadaj\u016f<\/strong><\/p>\n\n\n\n<p><strong>1.<\/strong> Pr\u00e1vo na p\u0159\u00edstup k osobn\u00edm \u00fadaj\u016fm<\/p>\n\n\n\n<p>Jde o pr\u00e1vo na potvrzen\u00ed, zda zpracov\u00e1v\u00e1me va\u0161e osobn\u00ed \u00fadaje a pokud ano, pak na p\u0159\u00edstup k&nbsp;t\u011bmto \u00fadaj\u016fm a informac\u00edm o jejich zpracov\u00e1n\u00ed.<\/p>\n\n\n\n<p><strong>2.<\/strong> Pr\u00e1vo na opravu osobn\u00edch \u00fadaj\u016f<\/p>\n\n\n\n<p>Jde o pr\u00e1vo na to, abychom bez zbyte\u010dn\u00e9ho odkladu opravili nep\u0159esn\u00e9 osobn\u00ed \u00fadaje,<br>kter\u00e9 se ho t\u00fdkaj\u00ed. S p\u0159ihl\u00e9dnut\u00edm k \u00fa\u010del\u016f m zpracov\u00e1n\u00ed m\u00e1te pr\u00e1vo na dopln\u011bn\u00ed ne\u00fapln\u00fdch osobn\u00edch \u00fadaj\u016f, a to i poskytnut\u00edm dodate\u010dn\u00e9ho prohl\u00e1\u0161en\u00ed.<\/p>\n\n\n\n<p><strong>3.<\/strong> Pr\u00e1vo na v\u00fdmaz osobn\u00edch \u00fadaj\u016f (pr\u00e1vo \u201eb\u00fdt zapomenut\u201c)<\/p>\n\n\n\n<p>V p\u0159\u00edpadech stanoven\u00fdch z\u00e1konem nebo GDPR m\u00e1te pr\u00e1vo po\u017eadovat, abychom<br>bez zbyte\u010dn\u00e9ho odkladu vymazali va\u0161e osobn\u00ed \u00fadaje (v GDPR jsou d\u016fvody uveden\u00e9<br>v \u010dl. 17, v\u010detn\u011b uveden\u00ed v\u00fdjimek, kdy se v\u00fdmaz neprovede).<\/p>\n\n\n\n<p><strong>4.<\/strong> Pr\u00e1vo na omezen\u00ed zpracov\u00e1n\u00ed<\/p>\n\n\n\n<p>V p\u0159\u00edpadech stanoven\u00fdch v \u010dl. 18 GDPR m\u00e1te pr\u00e1vo po\u017eadovat, abychom omezili zpracov\u00e1n\u00ed va\u0161ich osobn\u00edch \u00fadaj\u016f.<\/p>\n\n\n\n<p><strong>5.<\/strong> Pr\u00e1vo na p\u0159enositelnost \u00fadaj\u016f<\/p>\n\n\n\n<p>Za podm\u00ednek stanoven\u00fdch v \u010dl. 20 GDPR m\u00e1te pr\u00e1vo z\u00edskat sv\u00e9 osobn\u00ed \u00fadaje a p\u0159edat je jin\u00e9mu spr\u00e1vci. Je-li to technicky provediteln\u00e9, m\u00e1te pr\u00e1vo po\u017eadovat p\u0159\u00edmo p\u0159ed\u00e1n\u00ed jin\u00e9mu spr\u00e1vci.<\/p>\n\n\n\n<p><strong>6.<\/strong> Pr\u00e1vo vzn\u00e9st n\u00e1mitku<\/p>\n\n\n\n<p>V p\u0159\u00edpadech, kdy osobn\u00ed \u00fadaje zpracov\u00e1v\u00e1me pro \u00fa\u010dely opr\u00e1vn\u011bn\u00fdch z\u00e1jm\u016f, m\u00e1te pr\u00e1vo vzn\u00e9st n\u00e1mitku proti takov\u00e9mu zpracov\u00e1n\u00ed a pak nad\u00e1le nebudeme \u00fadaje zpracov\u00e1vat,<br>pokud n\u00e1\u0161 opr\u00e1vn\u011bn\u00fd z\u00e1jem nebude p\u0159eva\u017eovat nad va\u0161imi z\u00e1jmy nebo pr\u00e1vy a svobodami. Pokud je opr\u00e1vn\u011bn\u00fdm z\u00e1jmem p\u0159\u00edm\u00fd marketing, pak m\u00e1 vznesen\u00ed n\u00e1mitky v\u017edy za n\u00e1sledek ukon\u010den\u00ed dal\u0161\u00edho zpracov\u00e1n\u00ed pro \u00fa\u010dely p\u0159\u00edm\u00e9ho marketingu.<\/p>\n\n\n\n<p><strong>7.<\/strong> Pr\u00e1vo podat st\u00ed\u017enost u dozorov\u00e9ho \u00fa\u0159adu<\/p>\n\n\n\n<p>Pokud se domn\u00edv\u00e1te, \u017ee doch\u00e1z\u00ed k poru\u0161ov\u00e1n\u00ed va\u0161ich pr\u00e1v v oblasti ochrany osobn\u00edch \u00fadaj\u016f, m\u00e1te pr\u00e1vo podat st\u00ed\u017enost k \u00da\u0159adu na ochranu osobn\u00edch \u00fadaj\u016f. Bli\u017e\u0161\u00ed informace o \u00fa\u0159adu i ochran\u011b osobn\u00edch \u00fadaj\u016f naleznete p\u0159\u00edmo na str\u00e1nk\u00e1ch \u00fa\u0159adu <a href=\"http:\/\/www.uoou.cz\">www.uoou.cz<\/a>.<\/p>\n\n\n\n<p>V p\u0159\u00edpad\u011b, \u017ee budete m\u00edt dal\u0161\u00ed dotazy ke zpracov\u00e1n\u00ed va\u0161ich osobn\u00edch \u00fadaj\u016f u n\u00e1s,<br>m\u016f\u017eete n\u00e1s kontaktovat na e-mailu: email@realityhrdovi.cz nebo <a href=\"mailto:reality.hrdova@tiscali.cz\">reality.hrdova@tiscali.cz<\/a>. Aktu\u00e1ln\u00ed zn\u011bn\u00ed tohoto dokumentu naleznete v\u017edy na str\u00e1nk\u00e1ch <a href=\"http:\/\/www.realityhrdovi.cz\">www.realityhrdovi.cz<\/a>.<\/p>\n","protected":false},"excerpt":{"rendered":"<p>OCHRANA OSOBN\u00cdCH \u00daDAJ\u016e (d\u00e1le jen p\u0159\u00edpadn\u011b GDPR) I. Obsah a \u00fa\u010del dokumentu 1. V tomto dokumentu jsou obsa\u017eeny informace t\u00fdkaj\u00edc\u00ed se ochrany osobn\u00edch \u00fadaj\u016f poskytnut\u00fdch n\u00e1v\u0161t\u011bvn\u00edky webov\u00e9 str\u00e1nky www.realityhrdovi.cz, na\u0161imi klienty a z\u00e1jemci o na\u0161e slu\u017eby a produkty. 2. \u00da\u010delem tohoto dokumentu je sezn\u00e1mit v\u00e1s (subjekty \u00fadaj\u016f) s va\u0161imi pr\u00e1vy a poskytnout srozumiteln\u00e9 informace o [&hellip;]<\/p>\n","protected":false},"author":1,"featured_media":0,"parent":0,"menu_order":0,"comment_status":"closed","ping_status":"closed","template":"","meta":{"footnotes":""},"class_list":["post-981","page","type-page","status-publish","hentry"],"_links":{"self":[{"href":"http:\/\/www.realityhrdovi.cz\/index.php?rest_route=\/wp\/v2\/pages\/981"}],"collection":[{"href":"http:\/\/www.realityhrdovi.cz\/index.php?rest_route=\/wp\/v2\/pages"}],"about":[{"href":"http:\/\/www.realityhrdovi.cz\/index.php?rest_route=\/wp\/v2\/types\/page"}],"author":[{"embeddable":true,"href":"http:\/\/www.realityhrdovi.cz\/index.php?rest_route=\/wp\/v2\/users\/1"}],"replies":[{"embeddable":true,"href":"http:\/\/www.realityhrdovi.cz\/index.php?rest_route=%2Fwp%2Fv2%2Fcomments&post=981"}],"version-history":[{"count":3,"href":"http:\/\/www.realityhrdovi.cz\/index.php?rest_route=\/wp\/v2\/pages\/981\/revisions"}],"predecessor-version":[{"id":987,"href":"http:\/\/www.realityhrdovi.cz\/index.php?rest_route=\/wp\/v2\/pages\/981\/revisions\/987"}],"wp:attachment":[{"href":"http:\/\/www.realityhrdovi.cz\/index.php?rest_route=%2Fwp%2Fv2%2Fmedia&parent=981"}],"curies":[{"name":"wp","href":"https:\/\/api.w.org\/{rel}","templated":true}]}}