{"id":12,"date":"2013-10-02T19:34:13","date_gmt":"2013-10-02T19:34:13","guid":{"rendered":"http:\/\/www.realityhrdovi.cz\/?page_id=12"},"modified":"2025-05-09T19:17:35","modified_gmt":"2025-05-09T19:17:35","slug":"kontakty","status":"publish","type":"page","link":"http:\/\/www.realityhrdovi.cz\/?page_id=12","title":{"rendered":"Kontakty"},"content":{"rendered":"\n<h2 class=\"wp-block-heading\"><strong>Realitn\u00ed kancel\u00e1\u0159 Ing. Jan Hrda a Vladim\u00edra Hrdov\u00e1<\/strong><\/h2>\n\n\n\n<p><strong><mark style=\"background-color:rgba(0, 0, 0, 0)\" class=\"has-inline-color has-black-color\">S\u00eddlo<\/mark><\/strong><\/p>\n\n\n\n<p>Lhota 4<br>682 01 &nbsp;Vy\u0161kov<\/p>\n\n\n\n<p><strong><mark style=\"background-color:rgba(0, 0, 0, 0)\" class=\"has-inline-color has-black-color\">Kontakty<\/mark><\/strong><\/p>\n\n\n\n<p><strong><mark style=\"background-color:rgba(0, 0, 0, 0)\" class=\"has-inline-color has-black-color\">Ing. Jan Hrda<\/mark><br><\/strong>\u00a0<a href=\"tel:+420\u00a0604 983 906\">+420\u00a0604 983 906<\/a><br><a href=\"mailto:email@realityhrdovi.cz\">email@realityhrdovi.cz<\/a><br>Pl\u00e1tce DPH, I\u010cO 72336811, DI\u010c CZ7007054681<br><strong><mark style=\"background-color:rgba(0, 0, 0, 0)\" class=\"has-inline-color has-black-color\">Vladim\u00edra Hrdov\u00e1<\/mark><br><\/strong><a href=\"tel:+420 737 838 134\">+420 737 838 134<\/a><br><a href=\"mailto:reality.hrdova@tiscali.cz\">reality.hrdova@tiscali.cz<\/a><br>I\u010cO 67496156<\/p>\n\n\n\n<p><a href=\"https:\/\/www.facebook.com\/profile.php?id=100090943280683\">Facebook<\/a><\/p>\n","protected":false},"excerpt":{"rendered":"<p>Realitn\u00ed kancel\u00e1\u0159 Ing. Jan Hrda a Vladim\u00edra Hrdov\u00e1 S\u00eddlo Lhota 4682 01 &nbsp;Vy\u0161kov Kontakty Ing. Jan Hrda\u00a0+420\u00a0604 983 906email@realityhrdovi.czPl\u00e1tce DPH, I\u010cO 72336811, DI\u010c CZ7007054681Vladim\u00edra Hrdov\u00e1+420 737 838 134reality.hrdova@tiscali.czI\u010cO 67496156 Facebook<\/p>\n","protected":false},"author":1,"featured_media":0,"parent":0,"menu_order":5,"comment_status":"closed","ping_status":"open","template":"","meta":{"footnotes":""},"class_list":["post-12","page","type-page","status-publish","hentry"],"_links":{"self":[{"href":"http:\/\/www.realityhrdovi.cz\/index.php?rest_route=\/wp\/v2\/pages\/12"}],"collection":[{"href":"http:\/\/www.realityhrdovi.cz\/index.php?rest_route=\/wp\/v2\/pages"}],"about":[{"href":"http:\/\/www.realityhrdovi.cz\/index.php?rest_route=\/wp\/v2\/types\/page"}],"author":[{"embeddable":true,"href":"http:\/\/www.realityhrdovi.cz\/index.php?rest_route=\/wp\/v2\/users\/1"}],"replies":[{"embeddable":true,"href":"http:\/\/www.realityhrdovi.cz\/index.php?rest_route=%2Fwp%2Fv2%2Fcomments&post=12"}],"version-history":[{"count":10,"href":"http:\/\/www.realityhrdovi.cz\/index.php?rest_route=\/wp\/v2\/pages\/12\/revisions"}],"predecessor-version":[{"id":1096,"href":"http:\/\/www.realityhrdovi.cz\/index.php?rest_route=\/wp\/v2\/pages\/12\/revisions\/1096"}],"wp:attachment":[{"href":"http:\/\/www.realityhrdovi.cz\/index.php?rest_route=%2Fwp%2Fv2%2Fmedia&parent=12"}],"curies":[{"name":"wp","href":"https:\/\/api.w.org\/{rel}","templated":true}]}}