{"id":1000,"date":"2023-08-08T18:39:32","date_gmt":"2023-08-08T18:39:32","guid":{"rendered":"http:\/\/www.realityhrdovi.cz\/?page_id=1000"},"modified":"2023-08-08T18:42:53","modified_gmt":"2023-08-08T18:42:53","slug":"pojisteni","status":"publish","type":"page","link":"http:\/\/www.realityhrdovi.cz\/?page_id=1000","title":{"rendered":"Poji\u0161t\u011bn\u00ed"},"content":{"rendered":"\n<p><strong>Vladim\u00edra Hrdov\u00e1 <\/strong>poji\u0161t\u011bna u Kooperativa poji\u0161\u0165ovna, a.s<\/p>\n\n\n\n<p><strong>Ing. Jan Hrda<\/strong> poji\u0161t\u011bn u MAXIMA poji\u0161\u0165ovna<\/p>\n","protected":false},"excerpt":{"rendered":"<p>Vladim\u00edra Hrdov\u00e1 poji\u0161t\u011bna u Kooperativa poji\u0161\u0165ovna, a.s Ing. Jan Hrda poji\u0161t\u011bn u MAXIMA poji\u0161\u0165ovna<\/p>\n","protected":false},"author":1,"featured_media":0,"parent":0,"menu_order":0,"comment_status":"closed","ping_status":"closed","template":"","meta":{"footnotes":""},"class_list":["post-1000","page","type-page","status-publish","hentry"],"_links":{"self":[{"href":"http:\/\/www.realityhrdovi.cz\/index.php?rest_route=\/wp\/v2\/pages\/1000"}],"collection":[{"href":"http:\/\/www.realityhrdovi.cz\/index.php?rest_route=\/wp\/v2\/pages"}],"about":[{"href":"http:\/\/www.realityhrdovi.cz\/index.php?rest_route=\/wp\/v2\/types\/page"}],"author":[{"embeddable":true,"href":"http:\/\/www.realityhrdovi.cz\/index.php?rest_route=\/wp\/v2\/users\/1"}],"replies":[{"embeddable":true,"href":"http:\/\/www.realityhrdovi.cz\/index.php?rest_route=%2Fwp%2Fv2%2Fcomments&post=1000"}],"version-history":[{"count":3,"href":"http:\/\/www.realityhrdovi.cz\/index.php?rest_route=\/wp\/v2\/pages\/1000\/revisions"}],"predecessor-version":[{"id":1005,"href":"http:\/\/www.realityhrdovi.cz\/index.php?rest_route=\/wp\/v2\/pages\/1000\/revisions\/1005"}],"wp:attachment":[{"href":"http:\/\/www.realityhrdovi.cz\/index.php?rest_route=%2Fwp%2Fv2%2Fmedia&parent=1000"}],"curies":[{"name":"wp","href":"https:\/\/api.w.org\/{rel}","templated":true}]}}